{"id":7633,"date":"2020-12-18T11:38:14","date_gmt":"2020-12-18T10:38:14","guid":{"rendered":"http:\/\/architectes.in\/?page_id=7633"},"modified":"2025-09-22T17:10:16","modified_gmt":"2025-09-22T15:10:16","slug":"home-2","status":"publish","type":"page","link":"https:\/\/architectes.in\/index.php\/home-2\/","title":{"rendered":"Accueil"},"content":{"rendered":"<p>Architectes.in est une agence d&rsquo;architectes bas\u00e9e \u00e0 Grenoble, sp\u00e9cialis\u00e9e dans les projets de petits collectifs, maisons individuelles et immeubles de bureaux, avec une pr\u00e9dilection pour la construction ossature bois.<\/p>\n<div class=\"four columns\">\n<div class=\"totalbusiness-feature-media-ux totalbusiness-ux\">\n<div class=\"totalbusiness-item totalbusiness-feature-media-item totalbusiness-center\">\n<div class=\"feature-media-content-wrapper\">\n<div class=\"totalbusiness-item-title-wrapper totalbusiness-item totalbusiness-center totalbusiness-small \">\n<div class=\"totalbusiness-item-title-container container\">\n<div class=\"totalbusiness-item-title-head\">\n<h3 class=\"totalbusiness-item-title totalbusiness-skin-title totalbusiness-skin-border\">Penser les espaces<\/h3>\n<\/div>\n<\/div>\n<\/div>\n<div class=\"feature-media-content\">\n<p>Cr\u00e9er des volumes harmonieux, des vides et des pleins \u00e9quilibr\u00e9s, \u00e0 l\u2019int\u00e9rieur comme \u00e0 l\u2019ext\u00e9rieur, c\u2019est notre premi\u00e8re pr\u00e9occupation en tant qu\u2019architectes.<\/p>\n<\/div>\n<\/div>\n<\/div>\n<\/div>\n<\/div>\n<div class=\"four columns\">\n<div class=\"totalbusiness-feature-media-ux totalbusiness-ux\">\n<div class=\"totalbusiness-item totalbusiness-feature-media-item totalbusiness-center\">\n<div class=\"feature-media-content-wrapper\">\n<div class=\"totalbusiness-item-title-wrapper totalbusiness-item totalbusiness-center totalbusiness-small \">\n<div class=\"totalbusiness-item-title-container container\">\n<div class=\"totalbusiness-item-title-head\">\n<h3 class=\"totalbusiness-item-title totalbusiness-skin-title totalbusiness-skin-border\">Sculpter la lumi\u00e8re<\/h3>\n<\/div>\n<\/div>\n<\/div>\n<div class=\"feature-media-content\">\n<p>Ouvertures, orientation, perc\u00e9es visuelles, claire-voies, autant d\u2019outils pour mettre en sc\u00e8ne votre projet et jouer avec les ambiances lumineuses.<\/p>\n<\/div>\n<\/div>\n<\/div>\n<\/div>\n<\/div>\n<div class=\"four columns\">\n<div class=\"totalbusiness-feature-media-ux totalbusiness-ux\">\n<div class=\"totalbusiness-item totalbusiness-feature-media-item totalbusiness-center\">\n<div class=\"feature-media-content-wrapper\">\n<div class=\"totalbusiness-item-title-wrapper totalbusiness-item totalbusiness-center totalbusiness-small \">\n<div class=\"totalbusiness-item-title-container container\">\n<div class=\"totalbusiness-item-title-head\">\n<h3 class=\"totalbusiness-item-title totalbusiness-skin-title totalbusiness-skin-border\">Construire durable<\/h3>\n<\/div>\n<\/div>\n<\/div>\n<div class=\"feature-media-content\">\n<p>Le bois pr\u00e9sente des qualit\u00e9s constructives sans \u00e9gal. Conjugu\u00e9 avec ma\u00e7onnerie et charpente acier, il permet des architectures l\u00e9g\u00e8res, efficaces et \u00e9conomiques.<\/p>\n<\/div>\n<\/div>\n<\/div>\n<\/div>\n<\/div>\n","protected":false},"excerpt":{"rendered":"<p>Architectes.in est une agence d&rsquo;architectes bas\u00e9e \u00e0 Grenoble, sp\u00e9cialis\u00e9e dans les projets de petits collectifs, maisons individuelles et immeubles de bureaux, avec une pr\u00e9dilection pour la construction ossature bois. Penser les espaces Cr\u00e9er des volumes harmonieux, des vides et des pleins \u00e9quilibr\u00e9s, \u00e0 l\u2019int\u00e9rieur comme \u00e0 l\u2019ext\u00e9rieur, c\u2019est notre premi\u00e8re pr\u00e9occupation en tant qu\u2019architectes. Sculpter&#8230; <\/p>\n<div class=\"clear\"><\/div>\n<p><a href=\"https:\/\/architectes.in\/index.php\/home-2\/\" class=\"excerpt-read-more\">Read More<\/a><\/p>\n","protected":false},"author":5,"featured_media":0,"parent":0,"menu_order":0,"comment_status":"closed","ping_status":"closed","template":"","meta":{"_monsterinsights_skip_tracking":false,"_monsterinsights_sitenote_active":false,"_monsterinsights_sitenote_note":"","_monsterinsights_sitenote_category":0},"aioseo_notices":[],"_links":{"self":[{"href":"https:\/\/architectes.in\/index.php\/wp-json\/wp\/v2\/pages\/7633"}],"collection":[{"href":"https:\/\/architectes.in\/index.php\/wp-json\/wp\/v2\/pages"}],"about":[{"href":"https:\/\/architectes.in\/index.php\/wp-json\/wp\/v2\/types\/page"}],"author":[{"embeddable":true,"href":"https:\/\/architectes.in\/index.php\/wp-json\/wp\/v2\/users\/5"}],"replies":[{"embeddable":true,"href":"https:\/\/architectes.in\/index.php\/wp-json\/wp\/v2\/comments?post=7633"}],"version-history":[{"count":10,"href":"https:\/\/architectes.in\/index.php\/wp-json\/wp\/v2\/pages\/7633\/revisions"}],"predecessor-version":[{"id":10013,"href":"https:\/\/architectes.in\/index.php\/wp-json\/wp\/v2\/pages\/7633\/revisions\/10013"}],"wp:attachment":[{"href":"https:\/\/architectes.in\/index.php\/wp-json\/wp\/v2\/media?parent=7633"}],"curies":[{"name":"wp","href":"https:\/\/api.w.org\/{rel}","templated":true}]}}